{"id":7493,"date":"2017-03-29T13:33:09","date_gmt":"2017-03-29T11:33:09","guid":{"rendered":"https:\/\/rampoldi.mc\/rampoldi\/restaurant\/"},"modified":"2026-02-20T10:20:32","modified_gmt":"2026-02-20T09:20:32","slug":"restaurant-2","status":"publish","type":"page","link":"https:\/\/rampoldi.mc\/fr\/restaurant-2\/","title":{"rendered":"Restaurant"},"content":{"rendered":"\n<style type=\"text\/css\" data-created_by=\"avia_inline_auto\" id=\"style-css-av-kcyup94z-1d1254479ca92d1dc33311523ee5718e\">\n.avia-section.av-kcyup94z-1d1254479ca92d1dc33311523ee5718e{\nbackground-repeat:no-repeat;\nbackground-image:url(https:\/\/rampoldi.mc\/wp-content\/uploads\/2020\/07\/header4.jpg);\nbackground-position:0% 0%;\nbackground-attachment:scroll;\n}\n<\/style>\n<div id='av_section_1'  class='avia-section av-kcyup94z-1d1254479ca92d1dc33311523ee5718e main_color avia-section-default avia-no-border-styling  avia-builder-el-0  el_before_av_one_fifth  avia-builder-el-first  avia-bg-style-scroll  container_wrap fullsize'  data-section-bg-repeat='no-repeat'><div class='container av-section-cont-open' ><main  role=\"main\" itemprop=\"mainContentOfPage\"  class='template-page content  av-content-full alpha units'><div class='post-entry post-entry-type-page post-entry-7493'><div class='entry-content-wrapper clearfix'>\n\n<style type=\"text\/css\" data-created_by=\"avia_inline_auto\" id=\"style-css-av-kfcavbbp-5822cfd6d8a63dd9b175cb1ab618ee64\">\n#top .av-special-heading.av-kfcavbbp-5822cfd6d8a63dd9b175cb1ab618ee64{\npadding-bottom:10px;\ncolor:#8a2321;\n}\n.av-special-heading.av-kfcavbbp-5822cfd6d8a63dd9b175cb1ab618ee64 .special-heading-inner-border{\nborder-color:#8a2321;\n}\n<\/style>\n<div  class='av-special-heading av-kfcavbbp-5822cfd6d8a63dd9b175cb1ab618ee64 av-special-heading-h1 custom-color-heading blockquote modern-quote modern-centered  avia-builder-el-1  avia-builder-el-no-sibling  '><h1 class='av-special-heading-tag '  itemprop=\"headline\"  >Un restaurant gastronomique italien d\u2019exception \u00e0 Monaco<\/h1><div class='special-heading-border'><div class='special-heading-inner-border'><\/div><\/div><\/div>\n<\/div><\/div><\/main><!-- close content main element --><\/div><\/div><div id='after_section_1'  class='main_color av_default_container_wrap container_wrap fullsize'  ><div class='container av-section-cont-open' ><div class='template-page content  av-content-full alpha units'><div class='post-entry post-entry-type-page post-entry-7493'><div class='entry-content-wrapper clearfix'>\n\n<style type=\"text\/css\" data-created_by=\"avia_inline_auto\" id=\"style-css-av-2y10g3-df705df79029c8767c70aa8c90f490ac\">\n.flex_column.av-2y10g3-df705df79029c8767c70aa8c90f490ac{\nborder-radius:0px 0px 0px 0px;\n-webkit-border-radius:0px 0px 0px 0px;\n-moz-border-radius:0px 0px 0px 0px;\n}\n<\/style>\n<div class='flex_column av-2y10g3-df705df79029c8767c70aa8c90f490ac av_one_fifth  avia-builder-el-2  el_after_av_section  el_before_av_three_fifth  avia-builder-el-first  first flex_column_div av-zero-column-padding '   ><\/div>\n\n<style type=\"text\/css\" data-created_by=\"avia_inline_auto\" id=\"style-css-av-4jhrr7-40f77df2fd1cf40a98e9a1fca4b84179\">\n.flex_column.av-4jhrr7-40f77df2fd1cf40a98e9a1fca4b84179{\nborder-radius:0px 0px 0px 0px;\n-webkit-border-radius:0px 0px 0px 0px;\n-moz-border-radius:0px 0px 0px 0px;\n}\n<\/style>\n<div class='flex_column av-4jhrr7-40f77df2fd1cf40a98e9a1fca4b84179 av_three_fifth  avia-builder-el-3  el_after_av_one_fifth  el_before_av_one_fifth  flex_column_div av-zero-column-padding '   ><p><section class=\"av_textblock_section \"  itemscope=\"itemscope\" itemtype=\"https:\/\/schema.org\/CreativeWork\" ><div class='avia_textblock  '   itemprop=\"text\" ><p><strong>Rampoldi Monte-Carlo<\/strong>\u00a0incarne l\u2019art de recevoir \u00e0 l\u2019italienne dans un cadre chic et feutr\u00e9. V\u00e9ritable institution mon\u00e9gasque, le restaurant s\u00e9duit une client\u00e8le internationale \u00e0 la recherche d\u2019une exp\u00e9rience gastronomique haut de gamme.<\/p>\n<p>La carte met \u00e0 l\u2019honneur une cuisine italienne contemporaine, pr\u00e9cise et \u00e9l\u00e9gante, o\u00f9 chaque plat raconte une histoire de saveurs, de terroirs et de saisonnalit\u00e9.<\/p>\n<p>Gr\u00e2ce \u00e0 son ambiance raffin\u00e9e, son service irr\u00e9prochable et sa cuisine r\u00e9compens\u00e9e, Rampoldi s\u2019impose comme l\u2019un des <strong>meilleurs restaurants gastronomiques \u00e0 Monaco<\/strong>.<\/p>\n<div class=\"wpb_text_column wpb_content_element \">\n<div class=\"wpb_wrapper\"><\/div>\n<\/div>\n<\/div><\/section><br \/>\n\n<style type=\"text\/css\" data-created_by=\"avia_inline_auto\" id=\"style-css-av-kd0ae7k5-dbc27c01b69e260e60d25c9442d614f0\">\n#top .hr.hr-invisible.av-kd0ae7k5-dbc27c01b69e260e60d25c9442d614f0{\nheight:30px;\n}\n<\/style>\n<div  class='hr av-kd0ae7k5-dbc27c01b69e260e60d25c9442d614f0 hr-invisible  avia-builder-el-5  el_after_av_textblock  el_before_av_buttonrow  '><span class='hr-inner '><span class=\"hr-inner-style\"><\/span><\/span><\/div><br \/>\n<div  class='avia-buttonrow-wrap av-kd0ad5j2-84bc6e61c671b4a8703910802437011d avia-buttonrow-center  avia-builder-el-6  el_after_av_hr  avia-builder-el-last  '>\n\n<style type=\"text\/css\" data-created_by=\"avia_inline_auto\" id=\"style-css-av-7k13c3-93bfe6b4b88b445fd08f49071c05c523\">\n#top #wrap_all .avia-button.av-7k13c3-93bfe6b4b88b445fd08f49071c05c523{\nmargin-bottom:30px;\nmargin-right:15px;\nmargin-left:15px;\n}\n<\/style>\n<a href='https:\/\/rampoldi.mc\/menu\/'  class='avia-button av-7k13c3-93bfe6b4b88b445fd08f49071c05c523 avia-icon_select-no avia-size-large avia-color-theme-color'  ><span class='avia_iconbox_title' >Menu<\/span><\/a>\n\n<style type=\"text\/css\" data-created_by=\"avia_inline_auto\" id=\"style-css-av-42fal1-2e524b637125dda197798aaa9970759d\">\n#top #wrap_all .avia-button.av-42fal1-2e524b637125dda197798aaa9970759d{\nmargin-bottom:30px;\nmargin-right:15px;\nmargin-left:15px;\n}\n<\/style>\n<a href='https:\/\/menus.rampoldi.mc\/#wine' class='avia-button av-42fal1-2e524b637125dda197798aaa9970759d avia-icon_select-no avia-size-large avia-color-theme-color' target=\"_blank\" rel=\"noopener noreferrer\"><span class='avia_iconbox_title' >Carte des vins<\/span><\/a>\n\n<style type=\"text\/css\" data-created_by=\"avia_inline_auto\" id=\"style-css-av-2ecfxh-d91771340980f2e7738a690107a09521\">\n#top #wrap_all .avia-button.av-2ecfxh-d91771340980f2e7738a690107a09521{\nmargin-bottom:30px;\nmargin-right:15px;\nmargin-left:15px;\n}\n<\/style>\n<a href='https:\/\/rampoldi.mc\/fr\/reserver-une-table\/'  class='avia-button av-2ecfxh-d91771340980f2e7738a690107a09521 avia-icon_select-no avia-size-large avia-color-theme-color'  ><span class='avia_iconbox_title' >R\u00e9servations<\/span><\/a>\n<\/div><\/p><\/div>\n<style type=\"text\/css\" data-created_by=\"avia_inline_auto\" id=\"style-css-av-2y10g3-57d0bcacc57bba36feb7b6984eda21a0\">\n.flex_column.av-2y10g3-57d0bcacc57bba36feb7b6984eda21a0{\nborder-radius:0px 0px 0px 0px;\n-webkit-border-radius:0px 0px 0px 0px;\n-moz-border-radius:0px 0px 0px 0px;\n}\n<\/style>\n<div class='flex_column av-2y10g3-57d0bcacc57bba36feb7b6984eda21a0 av_one_fifth  avia-builder-el-7  el_after_av_three_fifth  el_before_av_masonry_gallery  avia-builder-el-last  flex_column_div av-zero-column-padding '   ><\/div><\/p>\n<div id='av-masonry-1' class='av-masonry av-kcyvh91b-9e352f8dc203cc6a00f4fb46b60b58ab noHover av-fixed-size av-large-gap av-hover-overlay- av-masonry-animation-active av-masonry-col-flexible av-caption-always av-caption-style- av-masonry-gallery av-orientation-square   '><div class=\"av-masonry-container isotope av-js-disabled\"><div class='av-masonry-entry isotope-item av-masonry-item-no-image '><\/div><a href=\"https:\/\/rampoldi.mc\/wp-content\/uploads\/2020\/07\/RAMPOLDI-slider-HOME-2020-4-1024x714.jpg\" data-srcset=\"https:\/\/rampoldi.mc\/wp-content\/uploads\/2020\/07\/RAMPOLDI-slider-HOME-2020-4-1024x714.jpg 1024w, https:\/\/rampoldi.mc\/wp-content\/uploads\/2020\/07\/RAMPOLDI-slider-HOME-2020-4-300x209.jpg 300w, https:\/\/rampoldi.mc\/wp-content\/uploads\/2020\/07\/RAMPOLDI-slider-HOME-2020-4-768x536.jpg 768w, https:\/\/rampoldi.mc\/wp-content\/uploads\/2020\/07\/RAMPOLDI-slider-HOME-2020-4-600x419.jpg 600w, https:\/\/rampoldi.mc\/wp-content\/uploads\/2020\/07\/RAMPOLDI-slider-HOME-2020-4.jpg 1200w\" data-sizes=\"(max-width: 1024px) 100vw, 1024px\"  aria-label=\"image RAMPOLDI-slider-HOME-2020-4\"  id='av-masonry-1-item-14780' data-av-masonry-item='14780' class='av-masonry-entry isotope-item post-14780 attachment type-attachment status-inherit hentry  av-masonry-item-with-image' title=\"RAMPOLDI-slider-HOME-2020-4\" alt=\"\"   itemprop=\"thumbnailUrl\" ><div class='av-inner-masonry-sizer'><\/div><figure class='av-inner-masonry main_color'><div class=\"av-masonry-outerimage-container\"><div class='av-masonry-image-container' style=\"background-image: url(https:\/\/rampoldi.mc\/wp-content\/uploads\/2020\/07\/RAMPOLDI-slider-HOME-2020-4.jpg);\"  title=\"RAMPOLDI-slider-HOME-2020-4\"  ><\/div><\/div><\/figure><\/a><!--end av-masonry entry--><a href=\"https:\/\/rampoldi.mc\/wp-content\/uploads\/2019\/01\/RAMPOLDI-slider-2019-04-1024x714.jpg\" data-srcset=\"https:\/\/rampoldi.mc\/wp-content\/uploads\/2019\/01\/RAMPOLDI-slider-2019-04-1024x714.jpg 1024w, https:\/\/rampoldi.mc\/wp-content\/uploads\/2019\/01\/RAMPOLDI-slider-2019-04-600x419.jpg 600w, https:\/\/rampoldi.mc\/wp-content\/uploads\/2019\/01\/RAMPOLDI-slider-2019-04-300x209.jpg 300w, https:\/\/rampoldi.mc\/wp-content\/uploads\/2019\/01\/RAMPOLDI-slider-2019-04-768x536.jpg 768w, https:\/\/rampoldi.mc\/wp-content\/uploads\/2019\/01\/RAMPOLDI-slider-2019-04.jpg 1200w\" data-sizes=\"(max-width: 1024px) 100vw, 1024px\"  aria-label=\"image RAMPOLDI-slider-2019-04\"  id='av-masonry-1-item-9093' data-av-masonry-item='9093' class='av-masonry-entry isotope-item post-9093 attachment type-attachment status-inherit hentry  av-masonry-item-with-image' title=\"RAMPOLDI-slider-2019-04\" alt=\"\"   itemprop=\"thumbnailUrl\" ><div class='av-inner-masonry-sizer'><\/div><figure class='av-inner-masonry main_color'><div class=\"av-masonry-outerimage-container\"><div class='av-masonry-image-container' style=\"background-image: url(https:\/\/rampoldi.mc\/wp-content\/uploads\/2019\/01\/RAMPOLDI-slider-2019-04.jpg);\"  title=\"RAMPOLDI-slider-2019-04\"  ><\/div><\/div><\/figure><\/a><!--end av-masonry entry--><a href=\"https:\/\/rampoldi.mc\/wp-content\/uploads\/2020\/07\/RAMPOLDI-slider-HOME-2020-2-1024x714.jpg\" data-srcset=\"https:\/\/rampoldi.mc\/wp-content\/uploads\/2020\/07\/RAMPOLDI-slider-HOME-2020-2-1024x714.jpg 1024w, https:\/\/rampoldi.mc\/wp-content\/uploads\/2020\/07\/RAMPOLDI-slider-HOME-2020-2-300x209.jpg 300w, https:\/\/rampoldi.mc\/wp-content\/uploads\/2020\/07\/RAMPOLDI-slider-HOME-2020-2-768x536.jpg 768w, https:\/\/rampoldi.mc\/wp-content\/uploads\/2020\/07\/RAMPOLDI-slider-HOME-2020-2-600x419.jpg 600w, https:\/\/rampoldi.mc\/wp-content\/uploads\/2020\/07\/RAMPOLDI-slider-HOME-2020-2.jpg 1200w\" data-sizes=\"(max-width: 1024px) 100vw, 1024px\"  aria-label=\"image RAMPOLDI-slider-HOME-2020-2\"  id='av-masonry-1-item-14772' data-av-masonry-item='14772' class='av-masonry-entry isotope-item post-14772 attachment type-attachment status-inherit hentry  av-masonry-item-with-image' title=\"RAMPOLDI-slider-HOME-2020-2\" alt=\"\"   itemprop=\"thumbnailUrl\" ><div class='av-inner-masonry-sizer'><\/div><figure class='av-inner-masonry main_color'><div class=\"av-masonry-outerimage-container\"><div class='av-masonry-image-container' style=\"background-image: url(https:\/\/rampoldi.mc\/wp-content\/uploads\/2020\/07\/RAMPOLDI-slider-HOME-2020-2.jpg);\"  title=\"RAMPOLDI-slider-HOME-2020-2\"  ><\/div><\/div><\/figure><\/a><!--end av-masonry entry--><a href=\"https:\/\/rampoldi.mc\/wp-content\/uploads\/2019\/11\/rampoldimontecarlo-1024x714.jpg\" data-srcset=\"https:\/\/rampoldi.mc\/wp-content\/uploads\/2019\/11\/rampoldimontecarlo-1024x714.jpg 1024w, https:\/\/rampoldi.mc\/wp-content\/uploads\/2019\/11\/rampoldimontecarlo-300x209.jpg 300w, https:\/\/rampoldi.mc\/wp-content\/uploads\/2019\/11\/rampoldimontecarlo-768x536.jpg 768w, https:\/\/rampoldi.mc\/wp-content\/uploads\/2019\/11\/rampoldimontecarlo-600x419.jpg 600w, https:\/\/rampoldi.mc\/wp-content\/uploads\/2019\/11\/rampoldimontecarlo.jpg 1200w\" data-sizes=\"(max-width: 1024px) 100vw, 1024px\"  aria-label=\"image rampoldimontecarlo\"  id='av-masonry-1-item-9702' data-av-masonry-item='9702' class='av-masonry-entry isotope-item post-9702 attachment type-attachment status-inherit hentry  av-masonry-item-with-image' title=\"rampoldimontecarlo\" alt=\"\"   itemprop=\"thumbnailUrl\" ><div class='av-inner-masonry-sizer'><\/div><figure class='av-inner-masonry main_color'><div class=\"av-masonry-outerimage-container\"><div class='av-masonry-image-container' style=\"background-image: url(https:\/\/rampoldi.mc\/wp-content\/uploads\/2019\/11\/rampoldimontecarlo.jpg);\"  title=\"rampoldimontecarlo\"  ><\/div><\/div><\/figure><\/a><!--end av-masonry entry--><a href=\"https:\/\/rampoldi.mc\/wp-content\/uploads\/2020\/07\/Restaurant_rampoldi_homebox1.jpg\" data-srcset=\"https:\/\/rampoldi.mc\/wp-content\/uploads\/2020\/07\/Restaurant_rampoldi_homebox1.jpg 1021w, https:\/\/rampoldi.mc\/wp-content\/uploads\/2020\/07\/Restaurant_rampoldi_homebox1-300x200.jpg 300w, https:\/\/rampoldi.mc\/wp-content\/uploads\/2020\/07\/Restaurant_rampoldi_homebox1-768x511.jpg 768w, https:\/\/rampoldi.mc\/wp-content\/uploads\/2020\/07\/Restaurant_rampoldi_homebox1-600x400.jpg 600w\" data-sizes=\"(max-width: 1021px) 100vw, 1021px\"  aria-label=\"image Restaurant_rampoldi_homebox1\"  id='av-masonry-1-item-14790' data-av-masonry-item='14790' class='av-masonry-entry isotope-item post-14790 attachment type-attachment status-inherit hentry  av-masonry-item-with-image' title=\"Restaurant_rampoldi_homebox1\" alt=\"\"   itemprop=\"thumbnailUrl\" ><div class='av-inner-masonry-sizer'><\/div><figure class='av-inner-masonry main_color'><div class=\"av-masonry-outerimage-container\"><div class='av-masonry-image-container' style=\"background-image: url(https:\/\/rampoldi.mc\/wp-content\/uploads\/2020\/07\/Restaurant_rampoldi_homebox1.jpg);\"  title=\"Restaurant_rampoldi_homebox1\"  ><\/div><\/div><\/figure><\/a><!--end av-masonry entry--><a href=\"https:\/\/rampoldi.mc\/wp-content\/uploads\/2020\/07\/Rampoldi-digital-menu.png\" data-srcset=\"https:\/\/rampoldi.mc\/wp-content\/uploads\/2020\/07\/Rampoldi-digital-menu.png 597w, https:\/\/rampoldi.mc\/wp-content\/uploads\/2020\/07\/Rampoldi-digital-menu-298x300.png 298w, https:\/\/rampoldi.mc\/wp-content\/uploads\/2020\/07\/Rampoldi-digital-menu-150x150.png 150w, https:\/\/rampoldi.mc\/wp-content\/uploads\/2020\/07\/Rampoldi-digital-menu-100x100.png 100w\" data-sizes=\"(max-width: 597px) 100vw, 597px\"  aria-label=\"image Rampoldi digital menu\"  id='av-masonry-1-item-14696' data-av-masonry-item='14696' class='av-masonry-entry isotope-item post-14696 attachment type-attachment status-inherit hentry  av-masonry-item-with-image' title=\"Rampoldi digital menu\" alt=\"Rampoldi digital menu\"   itemprop=\"thumbnailUrl\" ><div class='av-inner-masonry-sizer'><\/div><figure class='av-inner-masonry main_color'><div class=\"av-masonry-outerimage-container\"><div class='av-masonry-image-container' style=\"background-image: url(https:\/\/rampoldi.mc\/wp-content\/uploads\/2020\/07\/Rampoldi-digital-menu.png);\"  title=\"Rampoldi digital menu\"   alt=\"Rampoldi digital menu\" ><\/div><\/div><\/figure><\/a><!--end av-masonry entry--><a href=\"https:\/\/rampoldi.mc\/wp-content\/uploads\/2017\/03\/07-Menu_rampoldi_Cookandshoot2018-SSP_1421_web.jpg\" data-srcset=\"https:\/\/rampoldi.mc\/wp-content\/uploads\/2017\/03\/07-Menu_rampoldi_Cookandshoot2018-SSP_1421_web.jpg 1021w, https:\/\/rampoldi.mc\/wp-content\/uploads\/2017\/03\/07-Menu_rampoldi_Cookandshoot2018-SSP_1421_web-600x400.jpg 600w, https:\/\/rampoldi.mc\/wp-content\/uploads\/2017\/03\/07-Menu_rampoldi_Cookandshoot2018-SSP_1421_web-300x200.jpg 300w, https:\/\/rampoldi.mc\/wp-content\/uploads\/2017\/03\/07-Menu_rampoldi_Cookandshoot2018-SSP_1421_web-768x511.jpg 768w\" data-sizes=\"(max-width: 1021px) 100vw, 1021px\"  aria-label=\"image 07-Menu_rampoldi_Cookandshoot2018-SSP_1421_web\"  id='av-masonry-1-item-9082' data-av-masonry-item='9082' class='av-masonry-entry isotope-item post-9082 attachment type-attachment status-inherit hentry  av-masonry-item-with-image' title=\"07-Menu_rampoldi_Cookandshoot2018-SSP_1421_web\" alt=\"\"   itemprop=\"thumbnailUrl\" ><div class='av-inner-masonry-sizer'><\/div><figure class='av-inner-masonry main_color'><div class=\"av-masonry-outerimage-container\"><div class='av-masonry-image-container' style=\"background-image: url(https:\/\/rampoldi.mc\/wp-content\/uploads\/2017\/03\/07-Menu_rampoldi_Cookandshoot2018-SSP_1421_web.jpg);\"  title=\"07-Menu_rampoldi_Cookandshoot2018-SSP_1421_web\"  ><\/div><\/div><\/figure><\/a><!--end av-masonry entry--><\/div><\/div>\n","protected":false},"excerpt":{"rendered":"","protected":false},"author":2,"featured_media":0,"parent":0,"menu_order":0,"comment_status":"closed","ping_status":"closed","template":"","meta":[],"yoast_head":"<!-- This site is optimized with the Yoast SEO plugin v17.1 - https:\/\/yoast.com\/wordpress\/plugins\/seo\/ -->\n<title>Rampoldi Restaurant Monte Carlo<\/title>\n<meta name=\"description\" content=\"Discover the stylish and glamorous ambiance of this historic destination in Monte Carlo. For over 70 years the Rampoldi restaurant has been the symbol of the Monegasque way of life.\" \/>\n<meta name=\"robots\" content=\"index, follow, max-snippet:-1, max-image-preview:large, max-video-preview:-1\" \/>\n<link rel=\"canonical\" href=\"https:\/\/rampoldi.mc\/fr\/restaurant-2\/\" \/>\n<meta property=\"og:locale\" content=\"fr_FR\" \/>\n<meta property=\"og:type\" content=\"article\" \/>\n<meta property=\"og:title\" content=\"Rampoldi Restaurant Monte Carlo\" \/>\n<meta property=\"og:description\" content=\"Discover the stylish and glamorous ambiance of this historic destination in Monte Carlo. For over 70 years the Rampoldi restaurant has been the symbol of the Monegasque way of life.\" \/>\n<meta property=\"og:url\" content=\"https:\/\/rampoldi.mc\/fr\/restaurant-2\/\" \/>\n<meta property=\"og:site_name\" content=\"Rampoldi\" \/>\n<meta property=\"article:modified_time\" content=\"2026-02-20T09:20:32+00:00\" \/>\n<meta name=\"twitter:card\" content=\"summary\" \/>\n<meta name=\"twitter:label1\" content=\"Dur\u00e9e de lecture est.\" \/>\n\t<meta name=\"twitter:data1\" content=\"7 minutes\" \/>\n<script type=\"application\/ld+json\" class=\"yoast-schema-graph\">{\"@context\":\"https:\/\/schema.org\",\"@graph\":[{\"@type\":\"WebSite\",\"@id\":\"https:\/\/rampoldi.mc\/#website\",\"url\":\"https:\/\/rampoldi.mc\/\",\"name\":\"Rampoldi\",\"description\":\"\",\"potentialAction\":[{\"@type\":\"SearchAction\",\"target\":{\"@type\":\"EntryPoint\",\"urlTemplate\":\"https:\/\/rampoldi.mc\/?s={search_term_string}\"},\"query-input\":\"required name=search_term_string\"}],\"inLanguage\":\"fr-FR\"},{\"@type\":\"WebPage\",\"@id\":\"https:\/\/rampoldi.mc\/fr\/restaurant-2\/#webpage\",\"url\":\"https:\/\/rampoldi.mc\/fr\/restaurant-2\/\",\"name\":\"Rampoldi Restaurant Monte Carlo\",\"isPartOf\":{\"@id\":\"https:\/\/rampoldi.mc\/#website\"},\"datePublished\":\"2017-03-29T11:33:09+00:00\",\"dateModified\":\"2026-02-20T09:20:32+00:00\",\"description\":\"Discover the stylish and glamorous ambiance of this historic destination in Monte Carlo. For over 70 years the Rampoldi restaurant has been the symbol of the Monegasque way of life.\",\"breadcrumb\":{\"@id\":\"https:\/\/rampoldi.mc\/fr\/restaurant-2\/#breadcrumb\"},\"inLanguage\":\"fr-FR\",\"potentialAction\":[{\"@type\":\"ReadAction\",\"target\":[\"https:\/\/rampoldi.mc\/fr\/restaurant-2\/\"]}]},{\"@type\":\"BreadcrumbList\",\"@id\":\"https:\/\/rampoldi.mc\/fr\/restaurant-2\/#breadcrumb\",\"itemListElement\":[{\"@type\":\"ListItem\",\"position\":1,\"name\":\"Home\",\"item\":\"https:\/\/rampoldi.mc\/fr\/\"},{\"@type\":\"ListItem\",\"position\":2,\"name\":\"Restaurant\"}]}]}<\/script>\n<!-- \/ Yoast SEO plugin. -->","yoast_head_json":{"title":"Rampoldi Restaurant Monte Carlo","description":"Discover the stylish and glamorous ambiance of this historic destination in Monte Carlo. For over 70 years the Rampoldi restaurant has been the symbol of the Monegasque way of life.","robots":{"index":"index","follow":"follow","max-snippet":"max-snippet:-1","max-image-preview":"max-image-preview:large","max-video-preview":"max-video-preview:-1"},"canonical":"https:\/\/rampoldi.mc\/fr\/restaurant-2\/","og_locale":"fr_FR","og_type":"article","og_title":"Rampoldi Restaurant Monte Carlo","og_description":"Discover the stylish and glamorous ambiance of this historic destination in Monte Carlo. For over 70 years the Rampoldi restaurant has been the symbol of the Monegasque way of life.","og_url":"https:\/\/rampoldi.mc\/fr\/restaurant-2\/","og_site_name":"Rampoldi","article_modified_time":"2026-02-20T09:20:32+00:00","twitter_card":"summary","twitter_misc":{"Dur\u00e9e de lecture est.":"7 minutes"},"schema":{"@context":"https:\/\/schema.org","@graph":[{"@type":"WebSite","@id":"https:\/\/rampoldi.mc\/#website","url":"https:\/\/rampoldi.mc\/","name":"Rampoldi","description":"","potentialAction":[{"@type":"SearchAction","target":{"@type":"EntryPoint","urlTemplate":"https:\/\/rampoldi.mc\/?s={search_term_string}"},"query-input":"required name=search_term_string"}],"inLanguage":"fr-FR"},{"@type":"WebPage","@id":"https:\/\/rampoldi.mc\/fr\/restaurant-2\/#webpage","url":"https:\/\/rampoldi.mc\/fr\/restaurant-2\/","name":"Rampoldi Restaurant Monte Carlo","isPartOf":{"@id":"https:\/\/rampoldi.mc\/#website"},"datePublished":"2017-03-29T11:33:09+00:00","dateModified":"2026-02-20T09:20:32+00:00","description":"Discover the stylish and glamorous ambiance of this historic destination in Monte Carlo. For over 70 years the Rampoldi restaurant has been the symbol of the Monegasque way of life.","breadcrumb":{"@id":"https:\/\/rampoldi.mc\/fr\/restaurant-2\/#breadcrumb"},"inLanguage":"fr-FR","potentialAction":[{"@type":"ReadAction","target":["https:\/\/rampoldi.mc\/fr\/restaurant-2\/"]}]},{"@type":"BreadcrumbList","@id":"https:\/\/rampoldi.mc\/fr\/restaurant-2\/#breadcrumb","itemListElement":[{"@type":"ListItem","position":1,"name":"Home","item":"https:\/\/rampoldi.mc\/fr\/"},{"@type":"ListItem","position":2,"name":"Restaurant"}]}]}},"_links":{"self":[{"href":"https:\/\/rampoldi.mc\/fr\/wp-json\/wp\/v2\/pages\/7493"}],"collection":[{"href":"https:\/\/rampoldi.mc\/fr\/wp-json\/wp\/v2\/pages"}],"about":[{"href":"https:\/\/rampoldi.mc\/fr\/wp-json\/wp\/v2\/types\/page"}],"author":[{"embeddable":true,"href":"https:\/\/rampoldi.mc\/fr\/wp-json\/wp\/v2\/users\/2"}],"replies":[{"embeddable":true,"href":"https:\/\/rampoldi.mc\/fr\/wp-json\/wp\/v2\/comments?post=7493"}],"version-history":[{"count":19,"href":"https:\/\/rampoldi.mc\/fr\/wp-json\/wp\/v2\/pages\/7493\/revisions"}],"predecessor-version":[{"id":19952,"href":"https:\/\/rampoldi.mc\/fr\/wp-json\/wp\/v2\/pages\/7493\/revisions\/19952"}],"wp:attachment":[{"href":"https:\/\/rampoldi.mc\/fr\/wp-json\/wp\/v2\/media?parent=7493"}],"curies":[{"name":"wp","href":"https:\/\/api.w.org\/{rel}","templated":true}]}}