{"id":7501,"date":"2017-04-04T09:46:52","date_gmt":"2017-04-04T07:46:52","guid":{"rendered":"https:\/\/rampoldi.mc\/rampoldi\/chef\/"},"modified":"2026-02-12T17:28:47","modified_gmt":"2026-02-12T16:28:47","slug":"chef","status":"publish","type":"page","link":"https:\/\/rampoldi.mc\/fr\/chef\/","title":{"rendered":"Chef"},"content":{"rendered":"\n<style type=\"text\/css\" data-created_by=\"avia_inline_auto\" id=\"style-css-av-kcyup94z-1d1254479ca92d1dc33311523ee5718e\">\n.avia-section.av-kcyup94z-1d1254479ca92d1dc33311523ee5718e{\nbackground-repeat:no-repeat;\nbackground-image:url(https:\/\/rampoldi.mc\/wp-content\/uploads\/2020\/07\/header4.jpg);\nbackground-position:0% 0%;\nbackground-attachment:scroll;\n}\n<\/style>\n<div id='av_section_1'  class='avia-section av-kcyup94z-1d1254479ca92d1dc33311523ee5718e main_color avia-section-default avia-no-border-styling  avia-builder-el-0  el_before_av_one_fifth  avia-builder-el-first  avia-bg-style-scroll  container_wrap fullsize'  data-section-bg-repeat='no-repeat'><div class='container av-section-cont-open' ><main  role=\"main\" itemprop=\"mainContentOfPage\"  class='template-page content  av-content-full alpha units'><div class='post-entry post-entry-type-page post-entry-7501'><div class='entry-content-wrapper clearfix'>\n\n<style type=\"text\/css\" data-created_by=\"avia_inline_auto\" id=\"style-css-av-kd48gcei-597017f36fc49141066f0423f7d4f30a\">\n#top .av-special-heading.av-kd48gcei-597017f36fc49141066f0423f7d4f30a{\npadding-bottom:10px;\ncolor:#8a2321;\n}\n.av-special-heading.av-kd48gcei-597017f36fc49141066f0423f7d4f30a .special-heading-inner-border{\nborder-color:#8a2321;\n}\n<\/style>\n<div  class='av-special-heading av-kd48gcei-597017f36fc49141066f0423f7d4f30a av-special-heading-h1 custom-color-heading blockquote modern-quote modern-centered  avia-builder-el-1  avia-builder-el-no-sibling  '><h1 class='av-special-heading-tag '  itemprop=\"headline\"  >Le Chef Antonio Salvatore \u2013 Excellence gastronomique \u00e0 Monaco<\/h1><div class='special-heading-border'><div class='special-heading-inner-border'><\/div><\/div><\/div>\n<\/div><\/div><\/main><!-- close content main element --><\/div><\/div><div id='after_section_1'  class='main_color av_default_container_wrap container_wrap fullsize'  ><div class='container av-section-cont-open' ><div class='template-page content  av-content-full alpha units'><div class='post-entry post-entry-type-page post-entry-7501'><div class='entry-content-wrapper clearfix'>\n<style type=\"text\/css\" data-created_by=\"avia_inline_auto\" id=\"style-css-av-2y10g3-df705df79029c8767c70aa8c90f490ac\">\n.flex_column.av-2y10g3-df705df79029c8767c70aa8c90f490ac{\nborder-radius:0px 0px 0px 0px;\n-webkit-border-radius:0px 0px 0px 0px;\n-moz-border-radius:0px 0px 0px 0px;\n}\n<\/style>\n<div class='flex_column av-2y10g3-df705df79029c8767c70aa8c90f490ac av_one_fifth  avia-builder-el-2  el_after_av_section  el_before_av_three_fifth  avia-builder-el-first  first flex_column_div av-zero-column-padding '   ><\/div><\/p>\n\n<style type=\"text\/css\" data-created_by=\"avia_inline_auto\" id=\"style-css-av-4jhrr7-40f77df2fd1cf40a98e9a1fca4b84179\">\n.flex_column.av-4jhrr7-40f77df2fd1cf40a98e9a1fca4b84179{\nborder-radius:0px 0px 0px 0px;\n-webkit-border-radius:0px 0px 0px 0px;\n-moz-border-radius:0px 0px 0px 0px;\n}\n<\/style>\n<div class='flex_column av-4jhrr7-40f77df2fd1cf40a98e9a1fca4b84179 av_three_fifth  avia-builder-el-3  el_after_av_one_fifth  el_before_av_one_fifth  flex_column_div av-zero-column-padding '   ><p><section class=\"av_textblock_section \"  itemscope=\"itemscope\" itemtype=\"https:\/\/schema.org\/CreativeWork\" ><div class='avia_textblock  '   itemprop=\"text\" ><p>Aux commandes des cuisines de Rampoldi Monte-Carlo, le <strong>chef Antonio Salvatore<\/strong> incarne une vision moderne et exigeante de la gastronomie italienne. Form\u00e9 aupr\u00e8s des plus grandes maisons, il a su imposer une signature culinaire \u00e9l\u00e9gante, cr\u00e9ative et profond\u00e9ment respectueuse des produits.<\/p>\n<p>R\u00e9compens\u00e9 par le <strong>Guide Michelin<\/strong>, le chef sublime les classiques italiens \u00e0 travers une interpr\u00e9tation contemporaine, o\u00f9 pr\u00e9cision technique et \u00e9motion gustative se rencontrent.<\/p>\n<p>Son approche raffin\u00e9e fait de Rampoldi une adresse gastronomique incontournable \u00e0 Monaco.<\/p>\n<\/div><\/section><br \/>\n\n<style type=\"text\/css\" data-created_by=\"avia_inline_auto\" id=\"style-css-av-kd0ae7k5-dbc27c01b69e260e60d25c9442d614f0\">\n#top .hr.hr-invisible.av-kd0ae7k5-dbc27c01b69e260e60d25c9442d614f0{\nheight:30px;\n}\n<\/style>\n<div  class='hr av-kd0ae7k5-dbc27c01b69e260e60d25c9442d614f0 hr-invisible  avia-builder-el-5  el_after_av_textblock  el_before_av_buttonrow  '><span class='hr-inner '><span class=\"hr-inner-style\"><\/span><\/span><\/div><br \/>\n<div  class='avia-buttonrow-wrap av-kd0ad5j2-84bc6e61c671b4a8703910802437011d avia-buttonrow-center  avia-builder-el-6  el_after_av_hr  avia-builder-el-last  '>\n\n<style type=\"text\/css\" data-created_by=\"avia_inline_auto\" id=\"style-css-av-49yn3x-4e636e1d0a124afe3b45948150b78be5\">\n#top #wrap_all .avia-button.av-49yn3x-4e636e1d0a124afe3b45948150b78be5{\nmargin-bottom:30px;\nmargin-right:15px;\nmargin-left:15px;\n}\n<\/style>\n<a href='https:\/\/rampoldi.mc\/wp-content\/uploads\/2021\/04\/Antonio-BIO_FR.docx' class='avia-button av-49yn3x-4e636e1d0a124afe3b45948150b78be5 avia-icon_select-no avia-size-large avia-color-theme-color' target=\"_blank\" rel=\"noopener noreferrer\"><span class='avia_iconbox_title' >Bio du chef<\/span><\/a>\n\n<style type=\"text\/css\" data-created_by=\"avia_inline_auto\" id=\"style-css-av-2y0th9-e77a3791fb2e1ffa1efe6c0b0651a4c0\">\n#top #wrap_all .avia-button.av-2y0th9-e77a3791fb2e1ffa1efe6c0b0651a4c0{\nmargin-bottom:30px;\nmargin-right:15px;\nmargin-left:15px;\n}\n<\/style>\n<a href='https:\/\/qhuiz.wetransfer.com\/downloads\/3e7d456078cee2037305a95e131d796720201018171145\/258e4c' class='avia-button av-2y0th9-e77a3791fb2e1ffa1efe6c0b0651a4c0 avia-icon_select-no avia-size-large avia-color-theme-color' target=\"_blank\" rel=\"noopener noreferrer\"><span class='avia_iconbox_title' > Kit m\u00e9dia (pdf 160MB)<\/span><\/a>\n<\/div><\/p><\/div>\n<style type=\"text\/css\" data-created_by=\"avia_inline_auto\" id=\"style-css-av-2y10g3-57d0bcacc57bba36feb7b6984eda21a0\">\n.flex_column.av-2y10g3-57d0bcacc57bba36feb7b6984eda21a0{\nborder-radius:0px 0px 0px 0px;\n-webkit-border-radius:0px 0px 0px 0px;\n-moz-border-radius:0px 0px 0px 0px;\n}\n<\/style>\n<div class='flex_column av-2y10g3-57d0bcacc57bba36feb7b6984eda21a0 av_one_fifth  avia-builder-el-7  el_after_av_three_fifth  el_before_av_masonry_gallery  avia-builder-el-last  flex_column_div av-zero-column-padding '   ><\/div><\/p>\n<div id='av-masonry-1' class='av-masonry av-kcyvh91b-6445e459e37ed4f418567682efbf4da1 noHover av-fixed-size av-large-gap av-hover-overlay- av-masonry-animation-active av-masonry-col-flexible av-caption-always av-caption-style- av-masonry-gallery av-orientation-square   '><div class=\"av-masonry-container isotope av-js-disabled\"><div class='av-masonry-entry isotope-item av-masonry-item-no-image '><\/div><a href=\"https:\/\/rampoldi.mc\/wp-content\/uploads\/2020\/07\/antonio-salvatore-pp-1024x682.jpg\" data-srcset=\"https:\/\/rampoldi.mc\/wp-content\/uploads\/2020\/07\/antonio-salvatore-pp-1024x682.jpg 1024w, https:\/\/rampoldi.mc\/wp-content\/uploads\/2020\/07\/antonio-salvatore-pp-300x200.jpg 300w, https:\/\/rampoldi.mc\/wp-content\/uploads\/2020\/07\/antonio-salvatore-pp-768x512.jpg 768w, https:\/\/rampoldi.mc\/wp-content\/uploads\/2020\/07\/antonio-salvatore-pp-1536x1024.jpg 1536w, https:\/\/rampoldi.mc\/wp-content\/uploads\/2020\/07\/antonio-salvatore-pp-1500x1000.jpg 1500w, https:\/\/rampoldi.mc\/wp-content\/uploads\/2020\/07\/antonio-salvatore-pp-705x470.jpg 705w, https:\/\/rampoldi.mc\/wp-content\/uploads\/2020\/07\/antonio-salvatore-pp-600x400.jpg 600w, https:\/\/rampoldi.mc\/wp-content\/uploads\/2020\/07\/antonio-salvatore-pp.jpg 1733w\" data-sizes=\"(max-width: 1024px) 100vw, 1024px\"  aria-label=\"image antonio salvatore pp\"  id='av-masonry-1-item-14911' data-av-masonry-item='14911' class='av-masonry-entry isotope-item post-14911 attachment type-attachment status-inherit hentry  av-masonry-item-with-image' title=\"antonio salvatore pp\" alt=\"\"   itemprop=\"thumbnailUrl\" ><div class='av-inner-masonry-sizer'><\/div><figure class='av-inner-masonry main_color'><div class=\"av-masonry-outerimage-container\"><div class='av-masonry-image-container' style=\"background-image: url(https:\/\/rampoldi.mc\/wp-content\/uploads\/2020\/07\/antonio-salvatore-pp-705x470.jpg);\"  title=\"antonio salvatore pp\"  ><\/div><\/div><\/figure><\/a><!--end av-masonry entry--><a href=\"https:\/\/rampoldi.mc\/wp-content\/uploads\/2020\/09\/LTAS-0B4A8177-1024x768.jpg\" data-srcset=\"https:\/\/rampoldi.mc\/wp-content\/uploads\/2020\/09\/LTAS-0B4A8177-1024x768.jpg 1024w, https:\/\/rampoldi.mc\/wp-content\/uploads\/2020\/09\/LTAS-0B4A8177-300x225.jpg 300w, https:\/\/rampoldi.mc\/wp-content\/uploads\/2020\/09\/LTAS-0B4A8177-768x576.jpg 768w, https:\/\/rampoldi.mc\/wp-content\/uploads\/2020\/09\/LTAS-0B4A8177-1536x1152.jpg 1536w, https:\/\/rampoldi.mc\/wp-content\/uploads\/2020\/09\/LTAS-0B4A8177-1500x1125.jpg 1500w, https:\/\/rampoldi.mc\/wp-content\/uploads\/2020\/09\/LTAS-0B4A8177-705x529.jpg 705w, https:\/\/rampoldi.mc\/wp-content\/uploads\/2020\/09\/LTAS-0B4A8177-600x450.jpg 600w, https:\/\/rampoldi.mc\/wp-content\/uploads\/2020\/09\/LTAS-0B4A8177.jpg 1734w\" data-sizes=\"(max-width: 1024px) 100vw, 1024px\"  aria-label=\"image LTAS-0B4A8177\"  id='av-masonry-1-item-15482' data-av-masonry-item='15482' class='av-masonry-entry isotope-item post-15482 attachment type-attachment status-inherit hentry  av-masonry-item-with-image' title=\"LTAS-0B4A8177\" alt=\"\"   itemprop=\"thumbnailUrl\" ><div class='av-inner-masonry-sizer'><\/div><figure class='av-inner-masonry main_color'><div class=\"av-masonry-outerimage-container\"><div class='av-masonry-image-container' style=\"background-image: url(https:\/\/rampoldi.mc\/wp-content\/uploads\/2020\/09\/LTAS-0B4A8177-705x529.jpg);\"  title=\"LTAS-0B4A8177\"  ><\/div><\/div><\/figure><\/a><!--end av-masonry entry--><\/div><\/div>\n","protected":false},"excerpt":{"rendered":"","protected":false},"author":2,"featured_media":0,"parent":0,"menu_order":0,"comment_status":"closed","ping_status":"closed","template":"","meta":[],"yoast_head":"<!-- This site is optimized with the Yoast SEO plugin v17.1 - https:\/\/yoast.com\/wordpress\/plugins\/seo\/ -->\n<title>Innovative style and international expertise: chef Antonio Salvatore promises new joy to food lovers<\/title>\n<meta name=\"description\" content=\"The chef has managed to preserve continuity with the culinary concept of this temple of taste. A new chef, for an enduring joy.\" \/>\n<meta name=\"robots\" content=\"index, follow, max-snippet:-1, max-image-preview:large, max-video-preview:-1\" \/>\n<link rel=\"canonical\" href=\"https:\/\/rampoldi.mc\/fr\/chef\/\" \/>\n<meta property=\"og:locale\" content=\"fr_FR\" \/>\n<meta property=\"og:type\" content=\"article\" \/>\n<meta property=\"og:title\" content=\"Innovative style and international expertise: chef Antonio Salvatore promises new joy to food lovers\" \/>\n<meta property=\"og:description\" content=\"The chef has managed to preserve continuity with the culinary concept of this temple of taste. A new chef, for an enduring joy.\" \/>\n<meta property=\"og:url\" content=\"https:\/\/rampoldi.mc\/fr\/chef\/\" \/>\n<meta property=\"og:site_name\" content=\"Rampoldi\" \/>\n<meta property=\"article:modified_time\" content=\"2026-02-12T16:28:47+00:00\" \/>\n<meta name=\"twitter:card\" content=\"summary\" \/>\n<meta name=\"twitter:label1\" content=\"Dur\u00e9e de lecture est.\" \/>\n\t<meta name=\"twitter:data1\" content=\"6 minutes\" \/>\n<script type=\"application\/ld+json\" class=\"yoast-schema-graph\">{\"@context\":\"https:\/\/schema.org\",\"@graph\":[{\"@type\":\"WebSite\",\"@id\":\"https:\/\/rampoldi.mc\/#website\",\"url\":\"https:\/\/rampoldi.mc\/\",\"name\":\"Rampoldi\",\"description\":\"\",\"potentialAction\":[{\"@type\":\"SearchAction\",\"target\":{\"@type\":\"EntryPoint\",\"urlTemplate\":\"https:\/\/rampoldi.mc\/?s={search_term_string}\"},\"query-input\":\"required name=search_term_string\"}],\"inLanguage\":\"fr-FR\"},{\"@type\":\"WebPage\",\"@id\":\"https:\/\/rampoldi.mc\/fr\/chef\/#webpage\",\"url\":\"https:\/\/rampoldi.mc\/fr\/chef\/\",\"name\":\"Innovative style and international expertise: chef Antonio Salvatore promises new joy to food lovers\",\"isPartOf\":{\"@id\":\"https:\/\/rampoldi.mc\/#website\"},\"datePublished\":\"2017-04-04T07:46:52+00:00\",\"dateModified\":\"2026-02-12T16:28:47+00:00\",\"description\":\"The chef has managed to preserve continuity with the culinary concept of this temple of taste. A new chef, for an enduring joy.\",\"breadcrumb\":{\"@id\":\"https:\/\/rampoldi.mc\/fr\/chef\/#breadcrumb\"},\"inLanguage\":\"fr-FR\",\"potentialAction\":[{\"@type\":\"ReadAction\",\"target\":[\"https:\/\/rampoldi.mc\/fr\/chef\/\"]}]},{\"@type\":\"BreadcrumbList\",\"@id\":\"https:\/\/rampoldi.mc\/fr\/chef\/#breadcrumb\",\"itemListElement\":[{\"@type\":\"ListItem\",\"position\":1,\"name\":\"Home\",\"item\":\"https:\/\/rampoldi.mc\/fr\/\"},{\"@type\":\"ListItem\",\"position\":2,\"name\":\"Chef\"}]}]}<\/script>\n<!-- \/ Yoast SEO plugin. -->","yoast_head_json":{"title":"Innovative style and international expertise: chef Antonio Salvatore promises new joy to food lovers","description":"The chef has managed to preserve continuity with the culinary concept of this temple of taste. A new chef, for an enduring joy.","robots":{"index":"index","follow":"follow","max-snippet":"max-snippet:-1","max-image-preview":"max-image-preview:large","max-video-preview":"max-video-preview:-1"},"canonical":"https:\/\/rampoldi.mc\/fr\/chef\/","og_locale":"fr_FR","og_type":"article","og_title":"Innovative style and international expertise: chef Antonio Salvatore promises new joy to food lovers","og_description":"The chef has managed to preserve continuity with the culinary concept of this temple of taste. A new chef, for an enduring joy.","og_url":"https:\/\/rampoldi.mc\/fr\/chef\/","og_site_name":"Rampoldi","article_modified_time":"2026-02-12T16:28:47+00:00","twitter_card":"summary","twitter_misc":{"Dur\u00e9e de lecture est.":"6 minutes"},"schema":{"@context":"https:\/\/schema.org","@graph":[{"@type":"WebSite","@id":"https:\/\/rampoldi.mc\/#website","url":"https:\/\/rampoldi.mc\/","name":"Rampoldi","description":"","potentialAction":[{"@type":"SearchAction","target":{"@type":"EntryPoint","urlTemplate":"https:\/\/rampoldi.mc\/?s={search_term_string}"},"query-input":"required name=search_term_string"}],"inLanguage":"fr-FR"},{"@type":"WebPage","@id":"https:\/\/rampoldi.mc\/fr\/chef\/#webpage","url":"https:\/\/rampoldi.mc\/fr\/chef\/","name":"Innovative style and international expertise: chef Antonio Salvatore promises new joy to food lovers","isPartOf":{"@id":"https:\/\/rampoldi.mc\/#website"},"datePublished":"2017-04-04T07:46:52+00:00","dateModified":"2026-02-12T16:28:47+00:00","description":"The chef has managed to preserve continuity with the culinary concept of this temple of taste. A new chef, for an enduring joy.","breadcrumb":{"@id":"https:\/\/rampoldi.mc\/fr\/chef\/#breadcrumb"},"inLanguage":"fr-FR","potentialAction":[{"@type":"ReadAction","target":["https:\/\/rampoldi.mc\/fr\/chef\/"]}]},{"@type":"BreadcrumbList","@id":"https:\/\/rampoldi.mc\/fr\/chef\/#breadcrumb","itemListElement":[{"@type":"ListItem","position":1,"name":"Home","item":"https:\/\/rampoldi.mc\/fr\/"},{"@type":"ListItem","position":2,"name":"Chef"}]}]}},"_links":{"self":[{"href":"https:\/\/rampoldi.mc\/fr\/wp-json\/wp\/v2\/pages\/7501"}],"collection":[{"href":"https:\/\/rampoldi.mc\/fr\/wp-json\/wp\/v2\/pages"}],"about":[{"href":"https:\/\/rampoldi.mc\/fr\/wp-json\/wp\/v2\/types\/page"}],"author":[{"embeddable":true,"href":"https:\/\/rampoldi.mc\/fr\/wp-json\/wp\/v2\/users\/2"}],"replies":[{"embeddable":true,"href":"https:\/\/rampoldi.mc\/fr\/wp-json\/wp\/v2\/comments?post=7501"}],"version-history":[{"count":20,"href":"https:\/\/rampoldi.mc\/fr\/wp-json\/wp\/v2\/pages\/7501\/revisions"}],"predecessor-version":[{"id":19798,"href":"https:\/\/rampoldi.mc\/fr\/wp-json\/wp\/v2\/pages\/7501\/revisions\/19798"}],"wp:attachment":[{"href":"https:\/\/rampoldi.mc\/fr\/wp-json\/wp\/v2\/media?parent=7501"}],"curies":[{"name":"wp","href":"https:\/\/api.w.org\/{rel}","templated":true}]}}